{"id":431,"date":"2021-12-16T09:42:54","date_gmt":"2021-12-16T08:42:54","guid":{"rendered":"https:\/\/www.rosenberg-france.fr\/ECFanGrid\/?page_id=431"},"modified":"2024-03-19T16:37:32","modified_gmt":"2024-03-19T15:37:32","slug":"ec-fan-grid","status":"publish","type":"page","link":"https:\/\/www.rosenberg-france.fr\/ECFanGrid\/ec-fan-grid\/","title":{"rendered":"La solution"},"content":{"rendered":"","protected":false},"excerpt":{"rendered":"","protected":false},"author":1,"featured_media":0,"parent":0,"menu_order":0,"comment_status":"closed","ping_status":"closed","template":"template-parts\/fangrid.php","meta":{"_acf_changed":false,"footnotes":""},"class_list":{"1":"page"},"acf":[],"yoast_head":"<!-- This site is optimized with the Yoast SEO plugin v27.6 - https:\/\/yoast.com\/product\/yoast-seo-wordpress\/ -->\n<title>Modernisation des ventilateurs de CTA - ECFanGrid<\/title>\n<meta name=\"description\" content=\"ECFanGrid : une solution sur mesure pour conserver votre centrale de traitement d\u2019air, en modernisant uniquement les unit\u00e9s de ventilation.\" \/>\n<meta name=\"robots\" content=\"index, follow, max-snippet:-1, max-image-preview:large, max-video-preview:-1\" \/>\n<link rel=\"canonical\" href=\"https:\/\/www.rosenberg-france.fr\/ECFanGrid\/ec-fan-grid\/\" \/>\n<meta property=\"og:locale\" content=\"fr_FR\" \/>\n<meta property=\"og:type\" content=\"article\" \/>\n<meta property=\"og:title\" content=\"Modernisation des ventilateurs de CTA - ECFanGrid\" \/>\n<meta property=\"og:description\" content=\"ECFanGrid : une solution sur mesure pour conserver votre centrale de traitement d\u2019air, en modernisant uniquement les unit\u00e9s de ventilation.\" \/>\n<meta property=\"og:url\" content=\"https:\/\/www.rosenberg-france.fr\/ECFanGrid\/ec-fan-grid\/\" \/>\n<meta property=\"og:site_name\" content=\"EC FAN GRID\" \/>\n<meta property=\"article:modified_time\" content=\"2024-03-19T15:37:32+00:00\" \/>\n<meta property=\"og:image\" content=\"https:\/\/www.rosenberg-france.fr\/ECFanGrid\/wp-content\/uploads\/2022\/03\/soufflage-1.jpg\" \/>\n\t<meta property=\"og:image:width\" content=\"1386\" \/>\n\t<meta property=\"og:image:height\" content=\"1040\" \/>\n\t<meta property=\"og:image:type\" content=\"image\/jpeg\" \/>\n<meta name=\"twitter:card\" content=\"summary_large_image\" \/>\n<meta name=\"twitter:label1\" content=\"Dur\u00e9e de lecture estim\u00e9e\" \/>\n\t<meta name=\"twitter:data1\" content=\"10 minutes\" \/>\n<script type=\"application\/ld+json\" class=\"yoast-schema-graph\">{\"@context\":\"https:\\\/\\\/schema.org\",\"@graph\":[{\"@type\":\"WebPage\",\"@id\":\"https:\\\/\\\/www.rosenberg-france.fr\\\/ECFanGrid\\\/ec-fan-grid\\\/\",\"url\":\"https:\\\/\\\/www.rosenberg-france.fr\\\/ECFanGrid\\\/ec-fan-grid\\\/\",\"name\":\"Modernisation des ventilateurs de CTA - ECFanGrid\",\"isPartOf\":{\"@id\":\"https:\\\/\\\/www.rosenberg-france.fr\\\/ECFanGrid\\\/#website\"},\"datePublished\":\"2021-12-16T08:42:54+00:00\",\"dateModified\":\"2024-03-19T15:37:32+00:00\",\"description\":\"ECFanGrid : une solution sur mesure pour conserver votre centrale de traitement d\u2019air, en modernisant uniquement les unit\u00e9s de ventilation.\",\"breadcrumb\":{\"@id\":\"https:\\\/\\\/www.rosenberg-france.fr\\\/ECFanGrid\\\/ec-fan-grid\\\/#breadcrumb\"},\"inLanguage\":\"fr-FR\",\"potentialAction\":[{\"@type\":\"ReadAction\",\"target\":[\"https:\\\/\\\/www.rosenberg-france.fr\\\/ECFanGrid\\\/ec-fan-grid\\\/\"]}]},{\"@type\":\"BreadcrumbList\",\"@id\":\"https:\\\/\\\/www.rosenberg-france.fr\\\/ECFanGrid\\\/ec-fan-grid\\\/#breadcrumb\",\"itemListElement\":[{\"@type\":\"ListItem\",\"position\":1,\"name\":\"Accueil\",\"item\":\"https:\\\/\\\/www.rosenberg-france.fr\\\/ECFanGrid\\\/\"},{\"@type\":\"ListItem\",\"position\":2,\"name\":\"La solution\"}]},{\"@type\":\"WebSite\",\"@id\":\"https:\\\/\\\/www.rosenberg-france.fr\\\/ECFanGrid\\\/#website\",\"url\":\"https:\\\/\\\/www.rosenberg-france.fr\\\/ECFanGrid\\\/\",\"name\":\"EC FAN GRID\",\"description\":\"R\u00e9duire  votre consommation \u00e9nerg\u00e9tique\",\"publisher\":{\"@id\":\"https:\\\/\\\/www.rosenberg-france.fr\\\/ECFanGrid\\\/#organization\"},\"potentialAction\":[{\"@type\":\"SearchAction\",\"target\":{\"@type\":\"EntryPoint\",\"urlTemplate\":\"https:\\\/\\\/www.rosenberg-france.fr\\\/ECFanGrid\\\/?s={search_term_string}\"},\"query-input\":{\"@type\":\"PropertyValueSpecification\",\"valueRequired\":true,\"valueName\":\"search_term_string\"}}],\"inLanguage\":\"fr-FR\"},{\"@type\":\"Organization\",\"@id\":\"https:\\\/\\\/www.rosenberg-france.fr\\\/ECFanGrid\\\/#organization\",\"name\":\"EC FAN GRID\",\"url\":\"https:\\\/\\\/www.rosenberg-france.fr\\\/ECFanGrid\\\/\",\"logo\":{\"@type\":\"ImageObject\",\"inLanguage\":\"fr-FR\",\"@id\":\"https:\\\/\\\/www.rosenberg-france.fr\\\/ECFanGrid\\\/#\\\/schema\\\/logo\\\/image\\\/\",\"url\":\"https:\\\/\\\/www.rosenberg-france.fr\\\/ECFanGrid\\\/wp-content\\\/uploads\\\/2021\\\/12\\\/ROSENBERG_FR_LOGO.svg\",\"contentUrl\":\"https:\\\/\\\/www.rosenberg-france.fr\\\/ECFanGrid\\\/wp-content\\\/uploads\\\/2021\\\/12\\\/ROSENBERG_FR_LOGO.svg\",\"caption\":\"EC FAN GRID\"},\"image\":{\"@id\":\"https:\\\/\\\/www.rosenberg-france.fr\\\/ECFanGrid\\\/#\\\/schema\\\/logo\\\/image\\\/\"}}]}<\/script>\n<!-- \/ Yoast SEO plugin. -->","yoast_head_json":{"title":"Modernisation des ventilateurs de CTA - ECFanGrid","description":"ECFanGrid : une solution sur mesure pour conserver votre centrale de traitement d\u2019air, en modernisant uniquement les unit\u00e9s de ventilation.","robots":{"index":"index","follow":"follow","max-snippet":"max-snippet:-1","max-image-preview":"max-image-preview:large","max-video-preview":"max-video-preview:-1"},"canonical":"https:\/\/www.rosenberg-france.fr\/ECFanGrid\/ec-fan-grid\/","og_locale":"fr_FR","og_type":"article","og_title":"Modernisation des ventilateurs de CTA - ECFanGrid","og_description":"ECFanGrid : une solution sur mesure pour conserver votre centrale de traitement d\u2019air, en modernisant uniquement les unit\u00e9s de ventilation.","og_url":"https:\/\/www.rosenberg-france.fr\/ECFanGrid\/ec-fan-grid\/","og_site_name":"EC FAN GRID","article_modified_time":"2024-03-19T15:37:32+00:00","og_image":[{"width":1386,"height":1040,"url":"https:\/\/www.rosenberg-france.fr\/ECFanGrid\/wp-content\/uploads\/2022\/03\/soufflage-1.jpg","type":"image\/jpeg"}],"twitter_card":"summary_large_image","twitter_misc":{"Dur\u00e9e de lecture estim\u00e9e":"10 minutes"},"schema":{"@context":"https:\/\/schema.org","@graph":[{"@type":"WebPage","@id":"https:\/\/www.rosenberg-france.fr\/ECFanGrid\/ec-fan-grid\/","url":"https:\/\/www.rosenberg-france.fr\/ECFanGrid\/ec-fan-grid\/","name":"Modernisation des ventilateurs de CTA - ECFanGrid","isPartOf":{"@id":"https:\/\/www.rosenberg-france.fr\/ECFanGrid\/#website"},"datePublished":"2021-12-16T08:42:54+00:00","dateModified":"2024-03-19T15:37:32+00:00","description":"ECFanGrid : une solution sur mesure pour conserver votre centrale de traitement d\u2019air, en modernisant uniquement les unit\u00e9s de ventilation.","breadcrumb":{"@id":"https:\/\/www.rosenberg-france.fr\/ECFanGrid\/ec-fan-grid\/#breadcrumb"},"inLanguage":"fr-FR","potentialAction":[{"@type":"ReadAction","target":["https:\/\/www.rosenberg-france.fr\/ECFanGrid\/ec-fan-grid\/"]}]},{"@type":"BreadcrumbList","@id":"https:\/\/www.rosenberg-france.fr\/ECFanGrid\/ec-fan-grid\/#breadcrumb","itemListElement":[{"@type":"ListItem","position":1,"name":"Accueil","item":"https:\/\/www.rosenberg-france.fr\/ECFanGrid\/"},{"@type":"ListItem","position":2,"name":"La solution"}]},{"@type":"WebSite","@id":"https:\/\/www.rosenberg-france.fr\/ECFanGrid\/#website","url":"https:\/\/www.rosenberg-france.fr\/ECFanGrid\/","name":"EC FAN GRID","description":"R\u00e9duire  votre consommation \u00e9nerg\u00e9tique","publisher":{"@id":"https:\/\/www.rosenberg-france.fr\/ECFanGrid\/#organization"},"potentialAction":[{"@type":"SearchAction","target":{"@type":"EntryPoint","urlTemplate":"https:\/\/www.rosenberg-france.fr\/ECFanGrid\/?s={search_term_string}"},"query-input":{"@type":"PropertyValueSpecification","valueRequired":true,"valueName":"search_term_string"}}],"inLanguage":"fr-FR"},{"@type":"Organization","@id":"https:\/\/www.rosenberg-france.fr\/ECFanGrid\/#organization","name":"EC FAN GRID","url":"https:\/\/www.rosenberg-france.fr\/ECFanGrid\/","logo":{"@type":"ImageObject","inLanguage":"fr-FR","@id":"https:\/\/www.rosenberg-france.fr\/ECFanGrid\/#\/schema\/logo\/image\/","url":"https:\/\/www.rosenberg-france.fr\/ECFanGrid\/wp-content\/uploads\/2021\/12\/ROSENBERG_FR_LOGO.svg","contentUrl":"https:\/\/www.rosenberg-france.fr\/ECFanGrid\/wp-content\/uploads\/2021\/12\/ROSENBERG_FR_LOGO.svg","caption":"EC FAN GRID"},"image":{"@id":"https:\/\/www.rosenberg-france.fr\/ECFanGrid\/#\/schema\/logo\/image\/"}}]}},"_links":{"self":[{"href":"https:\/\/www.rosenberg-france.fr\/ECFanGrid\/wp-json\/wp\/v2\/pages\/431","targetHints":{"allow":["GET"]}}],"collection":[{"href":"https:\/\/www.rosenberg-france.fr\/ECFanGrid\/wp-json\/wp\/v2\/pages"}],"about":[{"href":"https:\/\/www.rosenberg-france.fr\/ECFanGrid\/wp-json\/wp\/v2\/types\/page"}],"author":[{"embeddable":true,"href":"https:\/\/www.rosenberg-france.fr\/ECFanGrid\/wp-json\/wp\/v2\/users\/1"}],"replies":[{"embeddable":true,"href":"https:\/\/www.rosenberg-france.fr\/ECFanGrid\/wp-json\/wp\/v2\/comments?post=431"}],"version-history":[{"count":11,"href":"https:\/\/www.rosenberg-france.fr\/ECFanGrid\/wp-json\/wp\/v2\/pages\/431\/revisions"}],"predecessor-version":[{"id":3133,"href":"https:\/\/www.rosenberg-france.fr\/ECFanGrid\/wp-json\/wp\/v2\/pages\/431\/revisions\/3133"}],"wp:attachment":[{"href":"https:\/\/www.rosenberg-france.fr\/ECFanGrid\/wp-json\/wp\/v2\/media?parent=431"}],"curies":[{"name":"wp","href":"https:\/\/api.w.org\/{rel}","templated":true}]}}