{"id":2891,"date":"2023-08-28T14:31:54","date_gmt":"2023-08-28T12:31:54","guid":{"rendered":"https:\/\/www.rosenberg-france.fr\/ECFanGrid\/?page_id=2891"},"modified":"2023-09-08T16:00:51","modified_gmt":"2023-09-08T14:00:51","slug":"modernisation-cta-production","status":"publish","type":"page","link":"https:\/\/www.rosenberg-france.fr\/ECFanGrid\/nos-realisations\/modernisation-cta-production\/","title":{"rendered":"Modernisation CTA &#8211; Production industrie spatiale"},"content":{"rendered":"","protected":false},"excerpt":{"rendered":"","protected":false},"author":1,"featured_media":0,"parent":1008,"menu_order":0,"comment_status":"closed","ping_status":"closed","template":"template-parts\/modules.php","meta":{"_acf_changed":false,"footnotes":""},"class_list":{"1":"page"},"acf":[],"yoast_head":"<!-- This site is optimized with the Yoast SEO plugin v27.6 - https:\/\/yoast.com\/product\/yoast-seo-wordpress\/ -->\n<title>Mur de ventilateur asynchrone variable en fr\u00e9quence - Rosenberg<\/title>\n<meta name=\"description\" content=\"R\u00e9alisation d&#039;une premi\u00e8re r\u00e9alisation ECFanGrid, avant le d\u00e9ploiement totale de la solution sur l&#039;ensemble des CTA.\" \/>\n<meta name=\"robots\" content=\"index, follow, max-snippet:-1, max-image-preview:large, max-video-preview:-1\" \/>\n<link rel=\"canonical\" href=\"https:\/\/www.rosenberg-france.fr\/ECFanGrid\/nos-realisations\/modernisation-cta-production\/\" \/>\n<meta property=\"og:locale\" content=\"fr_FR\" \/>\n<meta property=\"og:type\" content=\"article\" \/>\n<meta property=\"og:title\" content=\"Mur de ventilateur asynchrone variable en fr\u00e9quence - Rosenberg\" \/>\n<meta property=\"og:description\" content=\"R\u00e9alisation d&#039;une premi\u00e8re r\u00e9alisation ECFanGrid, avant le d\u00e9ploiement totale de la solution sur l&#039;ensemble des CTA.\" \/>\n<meta property=\"og:url\" content=\"https:\/\/www.rosenberg-france.fr\/ECFanGrid\/nos-realisations\/modernisation-cta-production\/\" \/>\n<meta property=\"og:site_name\" content=\"EC FAN GRID\" \/>\n<meta property=\"article:modified_time\" content=\"2023-09-08T14:00:51+00:00\" \/>\n<meta name=\"twitter:card\" content=\"summary_large_image\" \/>\n<script type=\"application\/ld+json\" class=\"yoast-schema-graph\">{\"@context\":\"https:\\\/\\\/schema.org\",\"@graph\":[{\"@type\":\"WebPage\",\"@id\":\"https:\\\/\\\/www.rosenberg-france.fr\\\/ECFanGrid\\\/nos-realisations\\\/modernisation-cta-production\\\/\",\"url\":\"https:\\\/\\\/www.rosenberg-france.fr\\\/ECFanGrid\\\/nos-realisations\\\/modernisation-cta-production\\\/\",\"name\":\"Mur de ventilateur asynchrone variable en fr\u00e9quence - Rosenberg\",\"isPartOf\":{\"@id\":\"https:\\\/\\\/www.rosenberg-france.fr\\\/ECFanGrid\\\/#website\"},\"datePublished\":\"2023-08-28T12:31:54+00:00\",\"dateModified\":\"2023-09-08T14:00:51+00:00\",\"description\":\"R\u00e9alisation d'une premi\u00e8re r\u00e9alisation ECFanGrid, avant le d\u00e9ploiement totale de la solution sur l'ensemble des CTA.\",\"breadcrumb\":{\"@id\":\"https:\\\/\\\/www.rosenberg-france.fr\\\/ECFanGrid\\\/nos-realisations\\\/modernisation-cta-production\\\/#breadcrumb\"},\"inLanguage\":\"fr-FR\",\"potentialAction\":[{\"@type\":\"ReadAction\",\"target\":[\"https:\\\/\\\/www.rosenberg-france.fr\\\/ECFanGrid\\\/nos-realisations\\\/modernisation-cta-production\\\/\"]}]},{\"@type\":\"BreadcrumbList\",\"@id\":\"https:\\\/\\\/www.rosenberg-france.fr\\\/ECFanGrid\\\/nos-realisations\\\/modernisation-cta-production\\\/#breadcrumb\",\"itemListElement\":[{\"@type\":\"ListItem\",\"position\":1,\"name\":\"Accueil\",\"item\":\"https:\\\/\\\/www.rosenberg-france.fr\\\/ECFanGrid\\\/\"},{\"@type\":\"ListItem\",\"position\":2,\"name\":\"Nos r\u00e9alisations\",\"item\":\"https:\\\/\\\/www.rosenberg-france.fr\\\/ECFanGrid\\\/nos-realisations\\\/\"},{\"@type\":\"ListItem\",\"position\":3,\"name\":\"Modernisation CTA &#8211; Production industrie spatiale\"}]},{\"@type\":\"WebSite\",\"@id\":\"https:\\\/\\\/www.rosenberg-france.fr\\\/ECFanGrid\\\/#website\",\"url\":\"https:\\\/\\\/www.rosenberg-france.fr\\\/ECFanGrid\\\/\",\"name\":\"EC FAN GRID\",\"description\":\"R\u00e9duire  votre consommation \u00e9nerg\u00e9tique\",\"publisher\":{\"@id\":\"https:\\\/\\\/www.rosenberg-france.fr\\\/ECFanGrid\\\/#organization\"},\"potentialAction\":[{\"@type\":\"SearchAction\",\"target\":{\"@type\":\"EntryPoint\",\"urlTemplate\":\"https:\\\/\\\/www.rosenberg-france.fr\\\/ECFanGrid\\\/?s={search_term_string}\"},\"query-input\":{\"@type\":\"PropertyValueSpecification\",\"valueRequired\":true,\"valueName\":\"search_term_string\"}}],\"inLanguage\":\"fr-FR\"},{\"@type\":\"Organization\",\"@id\":\"https:\\\/\\\/www.rosenberg-france.fr\\\/ECFanGrid\\\/#organization\",\"name\":\"EC FAN GRID\",\"url\":\"https:\\\/\\\/www.rosenberg-france.fr\\\/ECFanGrid\\\/\",\"logo\":{\"@type\":\"ImageObject\",\"inLanguage\":\"fr-FR\",\"@id\":\"https:\\\/\\\/www.rosenberg-france.fr\\\/ECFanGrid\\\/#\\\/schema\\\/logo\\\/image\\\/\",\"url\":\"https:\\\/\\\/www.rosenberg-france.fr\\\/ECFanGrid\\\/wp-content\\\/uploads\\\/2021\\\/12\\\/ROSENBERG_FR_LOGO.svg\",\"contentUrl\":\"https:\\\/\\\/www.rosenberg-france.fr\\\/ECFanGrid\\\/wp-content\\\/uploads\\\/2021\\\/12\\\/ROSENBERG_FR_LOGO.svg\",\"caption\":\"EC FAN GRID\"},\"image\":{\"@id\":\"https:\\\/\\\/www.rosenberg-france.fr\\\/ECFanGrid\\\/#\\\/schema\\\/logo\\\/image\\\/\"}}]}<\/script>\n<!-- \/ Yoast SEO plugin. -->","yoast_head_json":{"title":"Mur de ventilateur asynchrone variable en fr\u00e9quence - Rosenberg","description":"R\u00e9alisation d'une premi\u00e8re r\u00e9alisation ECFanGrid, avant le d\u00e9ploiement totale de la solution sur l'ensemble des CTA.","robots":{"index":"index","follow":"follow","max-snippet":"max-snippet:-1","max-image-preview":"max-image-preview:large","max-video-preview":"max-video-preview:-1"},"canonical":"https:\/\/www.rosenberg-france.fr\/ECFanGrid\/nos-realisations\/modernisation-cta-production\/","og_locale":"fr_FR","og_type":"article","og_title":"Mur de ventilateur asynchrone variable en fr\u00e9quence - Rosenberg","og_description":"R\u00e9alisation d'une premi\u00e8re r\u00e9alisation ECFanGrid, avant le d\u00e9ploiement totale de la solution sur l'ensemble des CTA.","og_url":"https:\/\/www.rosenberg-france.fr\/ECFanGrid\/nos-realisations\/modernisation-cta-production\/","og_site_name":"EC FAN GRID","article_modified_time":"2023-09-08T14:00:51+00:00","twitter_card":"summary_large_image","schema":{"@context":"https:\/\/schema.org","@graph":[{"@type":"WebPage","@id":"https:\/\/www.rosenberg-france.fr\/ECFanGrid\/nos-realisations\/modernisation-cta-production\/","url":"https:\/\/www.rosenberg-france.fr\/ECFanGrid\/nos-realisations\/modernisation-cta-production\/","name":"Mur de ventilateur asynchrone variable en fr\u00e9quence - Rosenberg","isPartOf":{"@id":"https:\/\/www.rosenberg-france.fr\/ECFanGrid\/#website"},"datePublished":"2023-08-28T12:31:54+00:00","dateModified":"2023-09-08T14:00:51+00:00","description":"R\u00e9alisation d'une premi\u00e8re r\u00e9alisation ECFanGrid, avant le d\u00e9ploiement totale de la solution sur l'ensemble des CTA.","breadcrumb":{"@id":"https:\/\/www.rosenberg-france.fr\/ECFanGrid\/nos-realisations\/modernisation-cta-production\/#breadcrumb"},"inLanguage":"fr-FR","potentialAction":[{"@type":"ReadAction","target":["https:\/\/www.rosenberg-france.fr\/ECFanGrid\/nos-realisations\/modernisation-cta-production\/"]}]},{"@type":"BreadcrumbList","@id":"https:\/\/www.rosenberg-france.fr\/ECFanGrid\/nos-realisations\/modernisation-cta-production\/#breadcrumb","itemListElement":[{"@type":"ListItem","position":1,"name":"Accueil","item":"https:\/\/www.rosenberg-france.fr\/ECFanGrid\/"},{"@type":"ListItem","position":2,"name":"Nos r\u00e9alisations","item":"https:\/\/www.rosenberg-france.fr\/ECFanGrid\/nos-realisations\/"},{"@type":"ListItem","position":3,"name":"Modernisation CTA &#8211; Production industrie spatiale"}]},{"@type":"WebSite","@id":"https:\/\/www.rosenberg-france.fr\/ECFanGrid\/#website","url":"https:\/\/www.rosenberg-france.fr\/ECFanGrid\/","name":"EC FAN GRID","description":"R\u00e9duire  votre consommation \u00e9nerg\u00e9tique","publisher":{"@id":"https:\/\/www.rosenberg-france.fr\/ECFanGrid\/#organization"},"potentialAction":[{"@type":"SearchAction","target":{"@type":"EntryPoint","urlTemplate":"https:\/\/www.rosenberg-france.fr\/ECFanGrid\/?s={search_term_string}"},"query-input":{"@type":"PropertyValueSpecification","valueRequired":true,"valueName":"search_term_string"}}],"inLanguage":"fr-FR"},{"@type":"Organization","@id":"https:\/\/www.rosenberg-france.fr\/ECFanGrid\/#organization","name":"EC FAN GRID","url":"https:\/\/www.rosenberg-france.fr\/ECFanGrid\/","logo":{"@type":"ImageObject","inLanguage":"fr-FR","@id":"https:\/\/www.rosenberg-france.fr\/ECFanGrid\/#\/schema\/logo\/image\/","url":"https:\/\/www.rosenberg-france.fr\/ECFanGrid\/wp-content\/uploads\/2021\/12\/ROSENBERG_FR_LOGO.svg","contentUrl":"https:\/\/www.rosenberg-france.fr\/ECFanGrid\/wp-content\/uploads\/2021\/12\/ROSENBERG_FR_LOGO.svg","caption":"EC FAN GRID"},"image":{"@id":"https:\/\/www.rosenberg-france.fr\/ECFanGrid\/#\/schema\/logo\/image\/"}}]}},"_links":{"self":[{"href":"https:\/\/www.rosenberg-france.fr\/ECFanGrid\/wp-json\/wp\/v2\/pages\/2891","targetHints":{"allow":["GET"]}}],"collection":[{"href":"https:\/\/www.rosenberg-france.fr\/ECFanGrid\/wp-json\/wp\/v2\/pages"}],"about":[{"href":"https:\/\/www.rosenberg-france.fr\/ECFanGrid\/wp-json\/wp\/v2\/types\/page"}],"author":[{"embeddable":true,"href":"https:\/\/www.rosenberg-france.fr\/ECFanGrid\/wp-json\/wp\/v2\/users\/1"}],"replies":[{"embeddable":true,"href":"https:\/\/www.rosenberg-france.fr\/ECFanGrid\/wp-json\/wp\/v2\/comments?post=2891"}],"version-history":[{"count":11,"href":"https:\/\/www.rosenberg-france.fr\/ECFanGrid\/wp-json\/wp\/v2\/pages\/2891\/revisions"}],"predecessor-version":[{"id":2917,"href":"https:\/\/www.rosenberg-france.fr\/ECFanGrid\/wp-json\/wp\/v2\/pages\/2891\/revisions\/2917"}],"up":[{"embeddable":true,"href":"https:\/\/www.rosenberg-france.fr\/ECFanGrid\/wp-json\/wp\/v2\/pages\/1008"}],"wp:attachment":[{"href":"https:\/\/www.rosenberg-france.fr\/ECFanGrid\/wp-json\/wp\/v2\/media?parent=2891"}],"curies":[{"name":"wp","href":"https:\/\/api.w.org\/{rel}","templated":true}]}}