{"id":1525,"date":"2022-10-25T11:01:24","date_gmt":"2022-10-25T09:01:24","guid":{"rendered":"https:\/\/www.rosenberg-france.fr\/ECFanGrid\/?page_id=1525"},"modified":"2022-10-28T14:24:01","modified_gmt":"2022-10-28T12:24:01","slug":"renovation-cta-micro-electronique","status":"publish","type":"page","link":"https:\/\/www.rosenberg-france.fr\/ECFanGrid\/nos-realisations\/renovation-cta-micro-electronique\/","title":{"rendered":"R\u00e9novation d&rsquo;une CTA &#8211; Production micro-\u00e9lectronique"},"content":{"rendered":"","protected":false},"excerpt":{"rendered":"","protected":false},"author":1,"featured_media":0,"parent":1008,"menu_order":0,"comment_status":"closed","ping_status":"closed","template":"template-parts\/modules.php","meta":{"_acf_changed":false,"footnotes":""},"class_list":{"1":"page"},"acf":[],"yoast_head":"<!-- This site is optimized with the Yoast SEO plugin v25.2 - https:\/\/yoast.com\/wordpress\/plugins\/seo\/ -->\n<title>R\u00e9novation d&#039;une CTA dans une application micro-\u00e9lectronique<\/title>\n<meta name=\"description\" content=\"D\u00e9couvrez notre projet de r\u00e9novation de centrale \u00e0 l&#039;aide de nos murs de ventilateurs ECFANGRID dans une application micro-\u00e9l\u00e9ctronique.\" \/>\n<meta name=\"robots\" content=\"index, follow, max-snippet:-1, max-image-preview:large, max-video-preview:-1\" \/>\n<link rel=\"canonical\" href=\"https:\/\/www.rosenberg-france.fr\/ECFanGrid\/nos-realisations\/renovation-cta-micro-electronique\/\" \/>\n<meta property=\"og:locale\" content=\"fr_FR\" \/>\n<meta property=\"og:type\" content=\"article\" \/>\n<meta property=\"og:title\" content=\"R\u00e9novation d&#039;une CTA dans une application micro-\u00e9lectronique\" \/>\n<meta property=\"og:description\" content=\"D\u00e9couvrez notre projet de r\u00e9novation de centrale \u00e0 l&#039;aide de nos murs de ventilateurs ECFANGRID dans une application micro-\u00e9l\u00e9ctronique.\" \/>\n<meta property=\"og:url\" content=\"https:\/\/www.rosenberg-france.fr\/ECFanGrid\/nos-realisations\/renovation-cta-micro-electronique\/\" \/>\n<meta property=\"og:site_name\" content=\"EC FAN GRID\" \/>\n<meta property=\"article:modified_time\" content=\"2022-10-28T12:24:01+00:00\" \/>\n<meta name=\"twitter:card\" content=\"summary_large_image\" \/>\n<script type=\"application\/ld+json\" class=\"yoast-schema-graph\">{\"@context\":\"https:\/\/schema.org\",\"@graph\":[{\"@type\":\"WebPage\",\"@id\":\"https:\/\/www.rosenberg-france.fr\/ECFanGrid\/nos-realisations\/renovation-cta-micro-electronique\/\",\"url\":\"https:\/\/www.rosenberg-france.fr\/ECFanGrid\/nos-realisations\/renovation-cta-micro-electronique\/\",\"name\":\"R\u00e9novation d'une CTA dans une application micro-\u00e9lectronique\",\"isPartOf\":{\"@id\":\"https:\/\/www.rosenberg-france.fr\/ECFanGrid\/#website\"},\"datePublished\":\"2022-10-25T09:01:24+00:00\",\"dateModified\":\"2022-10-28T12:24:01+00:00\",\"description\":\"D\u00e9couvrez notre projet de r\u00e9novation de centrale \u00e0 l'aide de nos murs de ventilateurs ECFANGRID dans une application micro-\u00e9l\u00e9ctronique.\",\"breadcrumb\":{\"@id\":\"https:\/\/www.rosenberg-france.fr\/ECFanGrid\/nos-realisations\/renovation-cta-micro-electronique\/#breadcrumb\"},\"inLanguage\":\"fr-FR\",\"potentialAction\":[{\"@type\":\"ReadAction\",\"target\":[\"https:\/\/www.rosenberg-france.fr\/ECFanGrid\/nos-realisations\/renovation-cta-micro-electronique\/\"]}]},{\"@type\":\"BreadcrumbList\",\"@id\":\"https:\/\/www.rosenberg-france.fr\/ECFanGrid\/nos-realisations\/renovation-cta-micro-electronique\/#breadcrumb\",\"itemListElement\":[{\"@type\":\"ListItem\",\"position\":1,\"name\":\"Accueil\",\"item\":\"https:\/\/www.rosenberg-france.fr\/ECFanGrid\/\"},{\"@type\":\"ListItem\",\"position\":2,\"name\":\"Nos r\u00e9alisations\",\"item\":\"https:\/\/www.rosenberg-france.fr\/ECFanGrid\/nos-realisations\/\"},{\"@type\":\"ListItem\",\"position\":3,\"name\":\"R\u00e9novation d&rsquo;une CTA &#8211; Production micro-\u00e9lectronique\"}]},{\"@type\":\"WebSite\",\"@id\":\"https:\/\/www.rosenberg-france.fr\/ECFanGrid\/#website\",\"url\":\"https:\/\/www.rosenberg-france.fr\/ECFanGrid\/\",\"name\":\"EC FAN GRID\",\"description\":\"R\u00e9duire  votre consommation \u00e9nerg\u00e9tique\",\"publisher\":{\"@id\":\"https:\/\/www.rosenberg-france.fr\/ECFanGrid\/#organization\"},\"potentialAction\":[{\"@type\":\"SearchAction\",\"target\":{\"@type\":\"EntryPoint\",\"urlTemplate\":\"https:\/\/www.rosenberg-france.fr\/ECFanGrid\/?s={search_term_string}\"},\"query-input\":{\"@type\":\"PropertyValueSpecification\",\"valueRequired\":true,\"valueName\":\"search_term_string\"}}],\"inLanguage\":\"fr-FR\"},{\"@type\":\"Organization\",\"@id\":\"https:\/\/www.rosenberg-france.fr\/ECFanGrid\/#organization\",\"name\":\"EC FAN GRID\",\"url\":\"https:\/\/www.rosenberg-france.fr\/ECFanGrid\/\",\"logo\":{\"@type\":\"ImageObject\",\"inLanguage\":\"fr-FR\",\"@id\":\"https:\/\/www.rosenberg-france.fr\/ECFanGrid\/#\/schema\/logo\/image\/\",\"url\":\"https:\/\/www.rosenberg-france.fr\/ECFanGrid\/wp-content\/uploads\/2021\/12\/ROSENBERG_FR_LOGO.svg\",\"contentUrl\":\"https:\/\/www.rosenberg-france.fr\/ECFanGrid\/wp-content\/uploads\/2021\/12\/ROSENBERG_FR_LOGO.svg\",\"caption\":\"EC FAN GRID\"},\"image\":{\"@id\":\"https:\/\/www.rosenberg-france.fr\/ECFanGrid\/#\/schema\/logo\/image\/\"}}]}<\/script>\n<!-- \/ Yoast SEO plugin. -->","yoast_head_json":{"title":"R\u00e9novation d'une CTA dans une application micro-\u00e9lectronique","description":"D\u00e9couvrez notre projet de r\u00e9novation de centrale \u00e0 l'aide de nos murs de ventilateurs ECFANGRID dans une application micro-\u00e9l\u00e9ctronique.","robots":{"index":"index","follow":"follow","max-snippet":"max-snippet:-1","max-image-preview":"max-image-preview:large","max-video-preview":"max-video-preview:-1"},"canonical":"https:\/\/www.rosenberg-france.fr\/ECFanGrid\/nos-realisations\/renovation-cta-micro-electronique\/","og_locale":"fr_FR","og_type":"article","og_title":"R\u00e9novation d'une CTA dans une application micro-\u00e9lectronique","og_description":"D\u00e9couvrez notre projet de r\u00e9novation de centrale \u00e0 l'aide de nos murs de ventilateurs ECFANGRID dans une application micro-\u00e9l\u00e9ctronique.","og_url":"https:\/\/www.rosenberg-france.fr\/ECFanGrid\/nos-realisations\/renovation-cta-micro-electronique\/","og_site_name":"EC FAN GRID","article_modified_time":"2022-10-28T12:24:01+00:00","twitter_card":"summary_large_image","schema":{"@context":"https:\/\/schema.org","@graph":[{"@type":"WebPage","@id":"https:\/\/www.rosenberg-france.fr\/ECFanGrid\/nos-realisations\/renovation-cta-micro-electronique\/","url":"https:\/\/www.rosenberg-france.fr\/ECFanGrid\/nos-realisations\/renovation-cta-micro-electronique\/","name":"R\u00e9novation d'une CTA dans une application micro-\u00e9lectronique","isPartOf":{"@id":"https:\/\/www.rosenberg-france.fr\/ECFanGrid\/#website"},"datePublished":"2022-10-25T09:01:24+00:00","dateModified":"2022-10-28T12:24:01+00:00","description":"D\u00e9couvrez notre projet de r\u00e9novation de centrale \u00e0 l'aide de nos murs de ventilateurs ECFANGRID dans une application micro-\u00e9l\u00e9ctronique.","breadcrumb":{"@id":"https:\/\/www.rosenberg-france.fr\/ECFanGrid\/nos-realisations\/renovation-cta-micro-electronique\/#breadcrumb"},"inLanguage":"fr-FR","potentialAction":[{"@type":"ReadAction","target":["https:\/\/www.rosenberg-france.fr\/ECFanGrid\/nos-realisations\/renovation-cta-micro-electronique\/"]}]},{"@type":"BreadcrumbList","@id":"https:\/\/www.rosenberg-france.fr\/ECFanGrid\/nos-realisations\/renovation-cta-micro-electronique\/#breadcrumb","itemListElement":[{"@type":"ListItem","position":1,"name":"Accueil","item":"https:\/\/www.rosenberg-france.fr\/ECFanGrid\/"},{"@type":"ListItem","position":2,"name":"Nos r\u00e9alisations","item":"https:\/\/www.rosenberg-france.fr\/ECFanGrid\/nos-realisations\/"},{"@type":"ListItem","position":3,"name":"R\u00e9novation d&rsquo;une CTA &#8211; Production micro-\u00e9lectronique"}]},{"@type":"WebSite","@id":"https:\/\/www.rosenberg-france.fr\/ECFanGrid\/#website","url":"https:\/\/www.rosenberg-france.fr\/ECFanGrid\/","name":"EC FAN GRID","description":"R\u00e9duire  votre consommation \u00e9nerg\u00e9tique","publisher":{"@id":"https:\/\/www.rosenberg-france.fr\/ECFanGrid\/#organization"},"potentialAction":[{"@type":"SearchAction","target":{"@type":"EntryPoint","urlTemplate":"https:\/\/www.rosenberg-france.fr\/ECFanGrid\/?s={search_term_string}"},"query-input":{"@type":"PropertyValueSpecification","valueRequired":true,"valueName":"search_term_string"}}],"inLanguage":"fr-FR"},{"@type":"Organization","@id":"https:\/\/www.rosenberg-france.fr\/ECFanGrid\/#organization","name":"EC FAN GRID","url":"https:\/\/www.rosenberg-france.fr\/ECFanGrid\/","logo":{"@type":"ImageObject","inLanguage":"fr-FR","@id":"https:\/\/www.rosenberg-france.fr\/ECFanGrid\/#\/schema\/logo\/image\/","url":"https:\/\/www.rosenberg-france.fr\/ECFanGrid\/wp-content\/uploads\/2021\/12\/ROSENBERG_FR_LOGO.svg","contentUrl":"https:\/\/www.rosenberg-france.fr\/ECFanGrid\/wp-content\/uploads\/2021\/12\/ROSENBERG_FR_LOGO.svg","caption":"EC FAN GRID"},"image":{"@id":"https:\/\/www.rosenberg-france.fr\/ECFanGrid\/#\/schema\/logo\/image\/"}}]}},"_links":{"self":[{"href":"https:\/\/www.rosenberg-france.fr\/ECFanGrid\/wp-json\/wp\/v2\/pages\/1525","targetHints":{"allow":["GET"]}}],"collection":[{"href":"https:\/\/www.rosenberg-france.fr\/ECFanGrid\/wp-json\/wp\/v2\/pages"}],"about":[{"href":"https:\/\/www.rosenberg-france.fr\/ECFanGrid\/wp-json\/wp\/v2\/types\/page"}],"author":[{"embeddable":true,"href":"https:\/\/www.rosenberg-france.fr\/ECFanGrid\/wp-json\/wp\/v2\/users\/1"}],"replies":[{"embeddable":true,"href":"https:\/\/www.rosenberg-france.fr\/ECFanGrid\/wp-json\/wp\/v2\/comments?post=1525"}],"version-history":[{"count":10,"href":"https:\/\/www.rosenberg-france.fr\/ECFanGrid\/wp-json\/wp\/v2\/pages\/1525\/revisions"}],"predecessor-version":[{"id":1560,"href":"https:\/\/www.rosenberg-france.fr\/ECFanGrid\/wp-json\/wp\/v2\/pages\/1525\/revisions\/1560"}],"up":[{"embeddable":true,"href":"https:\/\/www.rosenberg-france.fr\/ECFanGrid\/wp-json\/wp\/v2\/pages\/1008"}],"wp:attachment":[{"href":"https:\/\/www.rosenberg-france.fr\/ECFanGrid\/wp-json\/wp\/v2\/media?parent=1525"}],"curies":[{"name":"wp","href":"https:\/\/api.w.org\/{rel}","templated":true}]}}